{"id":8697,"date":"2023-04-29T12:42:49","date_gmt":"2023-04-29T10:42:49","guid":{"rendered":"https:\/\/komiksy.edu.pl\/?post_type=product&#038;p=8697"},"modified":"2024-08-20T19:31:57","modified_gmt":"2024-08-20T17:31:57","slug":"dostep-do-biblioteki-online-na-1-miesiec-subskrypcja-indywidualna","status":"publish","type":"product","link":"https:\/\/komiksy.edu.pl\/en\/sklep\/biblioteka-online\/dostep-do-biblioteki-online-na-1-miesiec-subskrypcja-indywidualna\/","title":{"rendered":"Subskrypcja indywidualna 1 miesi\u0119c"},"content":{"rendered":"","protected":false},"excerpt":{"rendered":"<div dir=\"auto\">\n<div dir=\"auto\">\n<div class=\"product-title-container\">\n<h1 class=\"product-title product_title entry-title\">Subskrypcja indywidualna 1 miesi\u0119c<\/h1>\n<\/div>\n<div class=\"product-short-description\">\n<div dir=\"auto\">\n<div dir=\"auto\">\n<p><strong>Miesi\u0119czna subskrypcja indywidualna umo\u017cliwiaj\u0105ca dost\u0119p do biblioteki online e-future:<\/strong><\/p>\n<\/div>\n<\/div>\n<\/div>\n<\/div>\n<div dir=\"auto\">e-future e-Library biblioteka online, zawieraj\u0105ca 929 readers\u00f3w w jednym miejscu.<\/div>\n<ul>\n<li dir=\"auto\">Od nagradzanych w dziedzinie literatury do nauki j\u0119zyka angielskiego jedynych na \u015bwiecie komiks\u00f3w, po bajki Ezopa, Szekspira i Phonics readres.<\/li>\n<li dir=\"auto\">Fascynuj\u0105ce opowie\u015bci w j\u0119zyku angielskim dostosowane do poziomu j\u0119zykowego dziecka.<\/li>\n<li dir=\"auto\">929 readres&#8217;\u00f3w, dla dzieci w ka\u017cdym wieku, do czytania i s\u0142uchania- czytaj\u0105 native speakerzy<\/li>\n<\/ul>\n<\/div>\n","protected":false},"featured_media":7830,"template":"","meta":[],"product_brand":[],"product_cat":[15],"product_tag":[],"class_list":{"0":"post-8697","1":"product","2":"type-product","3":"status-publish","4":"has-post-thumbnail","6":"product_cat-biblioteka-online","8":"first","9":"instock","10":"shipping-taxable","11":"product-type-external"},"_links":{"self":[{"href":"https:\/\/komiksy.edu.pl\/en\/wp-json\/wp\/v2\/product\/8697","targetHints":{"allow":["GET"]}}],"collection":[{"href":"https:\/\/komiksy.edu.pl\/en\/wp-json\/wp\/v2\/product"}],"about":[{"href":"https:\/\/komiksy.edu.pl\/en\/wp-json\/wp\/v2\/types\/product"}],"wp:featuredmedia":[{"embeddable":true,"href":"https:\/\/komiksy.edu.pl\/en\/wp-json\/wp\/v2\/media\/7830"}],"wp:attachment":[{"href":"https:\/\/komiksy.edu.pl\/en\/wp-json\/wp\/v2\/media?parent=8697"}],"wp:term":[{"taxonomy":"product_brand","embeddable":true,"href":"https:\/\/komiksy.edu.pl\/en\/wp-json\/wp\/v2\/product_brand?post=8697"},{"taxonomy":"product_cat","embeddable":true,"href":"https:\/\/komiksy.edu.pl\/en\/wp-json\/wp\/v2\/product_cat?post=8697"},{"taxonomy":"product_tag","embeddable":true,"href":"https:\/\/komiksy.edu.pl\/en\/wp-json\/wp\/v2\/product_tag?post=8697"}],"curies":[{"name":"wp","href":"https:\/\/api.w.org\/{rel}","templated":true}]}}