{"id":8423,"date":"2023-04-04T20:44:17","date_gmt":"2023-04-04T18:44:17","guid":{"rendered":"https:\/\/komiksy.edu.pl\/?post_type=product&#038;p=8423"},"modified":"2024-08-20T19:33:39","modified_gmt":"2024-08-20T17:33:39","slug":"dostep-do-biblioteki-online-na-6-miesiecy","status":"publish","type":"product","link":"https:\/\/komiksy.edu.pl\/en\/sklep\/biblioteka-online\/dostep-do-biblioteki-online-na-6-miesiecy\/","title":{"rendered":"Subskrypcja indywidualna 6 miesi\u0119cy"},"content":{"rendered":"","protected":false},"excerpt":{"rendered":"<div dir=\"auto\">\n<div dir=\"auto\">\n<p><strong>6 miesi\u0119czna subskrypcja indywidualna umo\u017cliwiaj\u0105ca dost\u0119p do biblioteki online e-future:<\/strong><\/p>\n<ul>\n<li>\n<ul>\n<li>929 ilustrowanych readers\u00f3w na r\u00f3\u017cnych poziomach zaawansowania.<\/li>\n<li>Trzy serie nagrodzonych komiks\u00f3w do nauki j\u0119zyka angielskiego: Vera the Alien Hunter, School Adventures, Magic Adventures, bajki Ezopa, dzie\u0142a Szekspira,\u00a0 Phonics readers i setki innych, wci\u0105gaj\u0105cych lektur.<\/li>\n<li>Autentyczna narracja native speaker\u00f3w, pi\u0119kne ilustracje.<\/li>\n<li>Kr\u00f3tki test obrazkowy, kt\u00f3ry zbada poziom zaawansowania dziecka i dopasuje ksi\u0105\u017cki z biblioteki do poziomu j\u0119zykowego dziecka.<\/li>\n<li>Gry sprawdzaj\u0105ce rozumienie przeczytanego tekstu i utrwalaj\u0105ce s\u0142ownictwo \u2013 dost\u0119pne po przeczytaniu ka\u017cdej ksi\u0105\u017cki.<\/li>\n<li>Zintegrowany s\u0142ownik google.<\/li>\n<li>Zapisywanie post\u0119p\u00f3w w czytaniu.<\/li>\n<\/ul>\n<\/li>\n<\/ul>\n<\/div>\n<\/div>\n","protected":false},"featured_media":7830,"template":"","meta":[],"product_brand":[],"product_cat":[15],"product_tag":[],"class_list":{"0":"post-8423","1":"product","2":"type-product","3":"status-publish","4":"has-post-thumbnail","6":"product_cat-biblioteka-online","8":"first","9":"instock","10":"shipping-taxable","11":"product-type-external"},"_links":{"self":[{"href":"https:\/\/komiksy.edu.pl\/en\/wp-json\/wp\/v2\/product\/8423","targetHints":{"allow":["GET"]}}],"collection":[{"href":"https:\/\/komiksy.edu.pl\/en\/wp-json\/wp\/v2\/product"}],"about":[{"href":"https:\/\/komiksy.edu.pl\/en\/wp-json\/wp\/v2\/types\/product"}],"wp:featuredmedia":[{"embeddable":true,"href":"https:\/\/komiksy.edu.pl\/en\/wp-json\/wp\/v2\/media\/7830"}],"wp:attachment":[{"href":"https:\/\/komiksy.edu.pl\/en\/wp-json\/wp\/v2\/media?parent=8423"}],"wp:term":[{"taxonomy":"product_brand","embeddable":true,"href":"https:\/\/komiksy.edu.pl\/en\/wp-json\/wp\/v2\/product_brand?post=8423"},{"taxonomy":"product_cat","embeddable":true,"href":"https:\/\/komiksy.edu.pl\/en\/wp-json\/wp\/v2\/product_cat?post=8423"},{"taxonomy":"product_tag","embeddable":true,"href":"https:\/\/komiksy.edu.pl\/en\/wp-json\/wp\/v2\/product_tag?post=8423"}],"curies":[{"name":"wp","href":"https:\/\/api.w.org\/{rel}","templated":true}]}}