{"id":8229,"date":"2022-06-06T14:35:09","date_gmt":"2022-06-06T12:35:09","guid":{"rendered":"https:\/\/komiksy.edu.pl\/?post_type=product&#038;p=8229"},"modified":"2024-08-20T19:34:25","modified_gmt":"2024-08-20T17:34:25","slug":"dostep-do-biblioteki-online-na-12-miesiecy","status":"publish","type":"product","link":"https:\/\/komiksy.edu.pl\/en\/sklep\/biblioteka-online\/dostep-do-biblioteki-online-na-12-miesiecy\/","title":{"rendered":"Subskrypcja indywidualna 12 miesi\u0119cy"},"content":{"rendered":"","protected":false},"excerpt":{"rendered":"<div dir=\"auto\">\n<div dir=\"auto\">\n<p><strong>12 miesi\u0119czna subskrypcja indywidualna umo\u017cliwiaj\u0105ca dost\u0119p do biblioteki online e-future:<\/strong><\/p>\n<ul>\n<li>929 ilustrowanych readers\u00f3w na r\u00f3\u017cnych poziomach zaawansowania<\/li>\n<li>Serie nagrodzonych komiks\u00f3w: Vera the Alien Hunter, School Adventures, Magic Adventures, bajki Ezopa, dzie\u0142a Szekspira,\u00a0 Phonics readers i setki innych, wci\u0105gaj\u0105cych lektur.<\/li>\n<li>Autentyczna narracja native speaker\u00f3w, pi\u0119kne ilustracje<\/li>\n<li>Kr\u00f3tki test obrazkowy, kt\u00f3ry zbada poziom zaawansowania dziecka i dopasuje ksi\u0105\u017cki z biblioteki do poziomu j\u0119zykowego dziecka<\/li>\n<li>Gry sprawdzaj\u0105ce rozumienie przeczytanego tekstu i utrwalaj\u0105ce s\u0142ownictwo &#8211; dost\u0119pne po przeczytaniu ka\u017cdej ksi\u0105\u017cki<\/li>\n<li>Zintegrowany s\u0142ownik google<\/li>\n<li>Zapisywanie post\u0119p\u00f3w w czytaniu<\/li>\n<\/ul>\n<\/div>\n<\/div>\n","protected":false},"featured_media":7830,"template":"","meta":[],"product_brand":[],"product_cat":[15],"product_tag":[],"class_list":{"0":"post-8229","1":"product","2":"type-product","3":"status-publish","4":"has-post-thumbnail","6":"product_cat-biblioteka-online","8":"first","9":"instock","10":"shipping-taxable","11":"product-type-external"},"_links":{"self":[{"href":"https:\/\/komiksy.edu.pl\/en\/wp-json\/wp\/v2\/product\/8229","targetHints":{"allow":["GET"]}}],"collection":[{"href":"https:\/\/komiksy.edu.pl\/en\/wp-json\/wp\/v2\/product"}],"about":[{"href":"https:\/\/komiksy.edu.pl\/en\/wp-json\/wp\/v2\/types\/product"}],"wp:featuredmedia":[{"embeddable":true,"href":"https:\/\/komiksy.edu.pl\/en\/wp-json\/wp\/v2\/media\/7830"}],"wp:attachment":[{"href":"https:\/\/komiksy.edu.pl\/en\/wp-json\/wp\/v2\/media?parent=8229"}],"wp:term":[{"taxonomy":"product_brand","embeddable":true,"href":"https:\/\/komiksy.edu.pl\/en\/wp-json\/wp\/v2\/product_brand?post=8229"},{"taxonomy":"product_cat","embeddable":true,"href":"https:\/\/komiksy.edu.pl\/en\/wp-json\/wp\/v2\/product_cat?post=8229"},{"taxonomy":"product_tag","embeddable":true,"href":"https:\/\/komiksy.edu.pl\/en\/wp-json\/wp\/v2\/product_tag?post=8229"}],"curies":[{"name":"wp","href":"https:\/\/api.w.org\/{rel}","templated":true}]}}