{"id":7130,"date":"2021-04-25T18:34:27","date_gmt":"2021-04-25T16:34:27","guid":{"rendered":"https:\/\/komiksy.edu.pl\/cookies-policy\/"},"modified":"2021-04-25T18:34:33","modified_gmt":"2021-04-25T16:34:33","slug":"cookies-policy","status":"publish","type":"page","link":"https:\/\/komiksy.edu.pl\/en\/cookies-policy\/","title":{"rendered":"Cookies policy"},"content":{"rendered":"\n\t<section class=\"section\" id=\"section_1594589118\">\n\t\t<div class=\"section-bg fill\" >\n\t\t\t\t\t\t\t\t\t\n\t\t\t\n\n\t\t<\/div>\n\n\t\t\n\n\t\t<div class=\"section-content relative\">\n\t\t\t\n<div class=\"container section-title-container\" ><h3 class=\"section-title section-title-center\"><b><\/b><span class=\"section-title-main\" style=\"font-size:130%;\">Cookies policy<\/span><b><\/b><\/h3><\/div>\n<div class=\"row\" style=\"max-width:1100px\" id=\"row-691398085\">\n\n\t<div id=\"col-357040786\" class=\"col small-12 large-12\"  >\n\t\t\t\t<div class=\"col-inner\"  >\n\t\t\t\n\t\t\t\n<p>The website does not automatically collect any information, except for information contained in cookies.<br \/>Cookie files (so-called &#8220;cookies&#8221;) are IT data, in particular text files, which<br \/>are stored on the Website User&#8217;s end device and are intended for using the pages<br \/>websites of the Website. Cookies usually contain the name of the website they come from, time <br \/>store them on the end device and a unique number.<br \/>Cookies are used for the following purposes:<br \/>a) adjusting the content of the Website pages to the User&#8217;s preferences and optimizing the use<br \/>from websites; in particular, these files allow to recognize the device of the Website User and<br \/>properly display the website, tailored to his individual needs;<br \/>b) creating statistics that help to understand how the Website Users use the pages<br \/>websites, which allows improving their structure and content;<br \/>c) maintaining the Website User&#8217;s session (after logging in), thanks to which the User does not have to on every subpage<br \/>The website re-enter login and password;<br \/>W ramach Serwisu stosowane s\u0105 dwa zasadnicze rodzaje plik\u00f3w cookies: \u201esesyjne\u201d (session cookies) oraz \u201esta\u0142e\u201d<br \/>(persistent cookies). Session cookies are temporary files that are stored on the device<br \/>end user until logging out, leaving the website or shutting down<br \/>software (web browser). Persistent cookies are stored on the end device<br \/>The User for the time specified in the parameters of cookies or until they are deleted by the User.<br \/>W celu sprawdzenia stosowanych w ramach serwisu plik\u00f3w cookies prosimy o przej\u015bcie na stron\u0119 oraz podanie<br \/>checked domain: www.webcookies.info<br \/>The following types of cookies may be used as part of the Website:<br \/>a) &#8220;necessary&#8221; cookies, enabling the use of services available on the Website, e.g.<br \/>authentication cookies used for services that require authentication on the Website;<br \/>b) pliki cookies s\u0142u\u017c\u0105ce do zapewnienia bezpiecze\u0144stwa, np. wykorzystywane do wykrywania nadu\u017cy\u0107 w zakresie<br \/>uwierzytelniania w ramach Serwisu;<br \/>c) \u201ewydajno\u015bciowe\u201d pliki cookies, umo\u017cliwiaj\u0105ce zbieranie informacji o sposobie korzystania ze stron internetowych<br \/>The service;<br \/>d) &#8220;functional&#8221; cookies, enabling &#8220;remembering&#8221; the settings selected by the User and<br \/>personalization of the User interface, e.g. in terms of the selected language or region of origin<br \/>User, font size, website appearance etc;<br \/>e) &#8220;advertising&#8221; cookies, enabling the delivery of advertising content to Users more<br \/>tailored to their interests.<br \/>You can disable cookies on this website and on others. The easiest way to do this is<br \/>disabling cookies in your browser. We suggest reading the Help section of your browser.<br \/>The website operator informs that restrictions on the use of cookies may affect some<br \/>functionalities available on the website of the Service.<br \/>Cookies placed on the Website User&#8217;s end device may also be used by<br \/>advertisers and partners cooperating with the Website operator.<br \/>More information on cookies:<br \/>www.aboutcookies.org<br \/>www.whatarecookies.com<\/p>\n<\/p>\n<p>Google analytics<br \/>This website uses Google Analytics, a web analytics service provided by Google,<br \/>Inc. Google Analytics sets the number of cookies (4 by default) to evaluate the use of the website and compilation<br \/>reports on website activity.<br \/>Google stores information collected by cookies on servers in the United States. Google can<br \/>also provide this information to third parties if required by law or where<br \/>these persons process such information on behalf of Google. Google will not link the User&#8217;s IP address with<br \/>any other data held by Google.<br \/>Google Inc jest cz\u0142onkiem ameryka\u0144skiego programu Safe Harbor. This program allows you to transfer data from<br \/>territory of the EEA to countries that are outside the EEA without the need to enter into a data transfer agreement. Companies,<br \/>who sign up for the program are required to ensure adequate protection of personal data<br \/>transferred from Europe. Google Incs registration details can be found on the website<br \/>http:\/\/safeharbor.export.gov\/companyinfo.aspx?id=10543.<br \/>For more information on cookies created by Google Analytics, please visit the website:<br \/>http:\/\/code.google.com\/apis\/analytics\/docs\/concepts\/gaConceptsCookies.html.<br \/>Google also makes its own opt-out plug-ins that you can get on:<br \/>http:\/\/tools.google.com\/dlpage\/gaoptout.<br \/>In addition to the cookies set by Google Analytics, this plugin will create a cookie-based session (which will expire<br \/>after closing the browser) containing values \u200b\u200b&#8221;true&#8221; or &#8220;false&#8221;, reflecting the choice of permissive<br \/>or not to receive cookies.<br \/>Informing about changes<br \/>Data can be updated. In this case, the changes will be presented on this website,<br \/>which you should visit regularly to get updated information on our Cookie Policy.<\/p>\n\t\t<\/div>\n\t\t\t\t\t<\/div>\n\n\t\n<\/div>\n\t\t<\/div>\n\n\t\t\n<style>\n#section_1594589118 {\n  padding-top: 30px;\n  padding-bottom: 30px;\n}\n<\/style>\n\t<\/section>\n\t\n","protected":false},"excerpt":{"rendered":"","protected":false},"author":1,"featured_media":0,"parent":0,"menu_order":0,"comment_status":"closed","ping_status":"closed","template":"","meta":{"footnotes":""},"class_list":["post-7130","page","type-page","status-publish","hentry"],"_links":{"self":[{"href":"https:\/\/komiksy.edu.pl\/en\/wp-json\/wp\/v2\/pages\/7130","targetHints":{"allow":["GET"]}}],"collection":[{"href":"https:\/\/komiksy.edu.pl\/en\/wp-json\/wp\/v2\/pages"}],"about":[{"href":"https:\/\/komiksy.edu.pl\/en\/wp-json\/wp\/v2\/types\/page"}],"author":[{"embeddable":true,"href":"https:\/\/komiksy.edu.pl\/en\/wp-json\/wp\/v2\/users\/1"}],"replies":[{"embeddable":true,"href":"https:\/\/komiksy.edu.pl\/en\/wp-json\/wp\/v2\/comments?post=7130"}],"version-history":[{"count":14,"href":"https:\/\/komiksy.edu.pl\/en\/wp-json\/wp\/v2\/pages\/7130\/revisions"}],"predecessor-version":[{"id":7144,"href":"https:\/\/komiksy.edu.pl\/en\/wp-json\/wp\/v2\/pages\/7130\/revisions\/7144"}],"wp:attachment":[{"href":"https:\/\/komiksy.edu.pl\/en\/wp-json\/wp\/v2\/media?parent=7130"}],"curies":[{"name":"wp","href":"https:\/\/api.w.org\/{rel}","templated":true}]}}